{"id":17,"date":"2023-12-18T10:20:17","date_gmt":"2023-12-18T10:20:17","guid":{"rendered":"http:\/\/tulceamultietnica.ro\/?page_id=17"},"modified":"2024-02-20T14:07:30","modified_gmt":"2024-02-20T14:07:30","slug":"despre-proiect","status":"publish","type":"page","link":"http:\/\/tulceamultietnica.ro\/?page_id=17","title":{"rendered":"Despre proiect"},"content":{"rendered":"\n<div style=\"height:50px\" aria-hidden=\"true\" class=\"wp-block-spacer\"><\/div>\n\n\n\n<p>Demersul este integrat programului <em>Patrimoniul multietnic<\/em>, care a debutat \u00een anul 2019 cu proiectul <em>Patrimoniul multietnic din Constan\u021ba<\/em>, urmat de <em>Patrimoniul multietnic din Gala\u021bi <\/em>\u00een 2022. Proiectul a implicat o extindere a cercet\u0103rii dincolo de municipiul Tulcea, incluz\u00e2nd ora\u0219ele Sulina, Babadag, M\u0103cin, Isaccea \u0219i satele Atmagea, Malcoci, Cerna. Activitatea a constat din foto-documentarea a 45 de obiective arhitecturale reprezentative pentru comunit\u0103\u021bile etnice din zon\u0103 (turc\u0103, greac\u0103, bulgar\u0103, evreiasc\u0103, armean\u0103, lipovean\u0103, italian\u0103, german\u0103, al\u0103turi de comunitatea multina\u021bional\u0103 din cadrul Comisiunii Europene a Dun\u0103rii \u2013 CED), cercetarea de arhiv\u0103 a circa 50 dosare (autoriza\u021bii de construc\u021bie, planuri, relevee, imagini de epoc\u0103), 40 fi\u0219e de monument (adres\u0103, context, evolu\u021bie, descriere structural-arhitectural\u0103, stare de conservare, func\u021bie actual\u0103). Rezultatele cercet\u0103rii s-au concretizat \u0219i \u00een realizarea unei expozi\u021bii cuprinz\u00e2nd 21 de panouri, ce valorific\u0103 aceast\u0103 tipologie de patrimoniu imobil.<\/p>\n","protected":false},"excerpt":{"rendered":"<p>Demersul este integrat programului Patrimoniul multietnic, care a debutat \u00een anul 2019 cu proiectul Patrimoniul multietnic din Constan\u021ba, urmat de Patrimoniul multietnic din Gala\u021bi \u00een 2022. Proiectul a implicat o extindere a cercet\u0103rii dincolo de municipiul Tulcea, incluz\u00e2nd ora\u0219ele Sulina, Babadag, M\u0103cin, Isaccea \u0219i satele Atmagea, Malcoci, Cerna. Activitatea a [&hellip;]<\/p>\n","protected":false},"author":1,"featured_media":0,"parent":0,"menu_order":0,"comment_status":"closed","ping_status":"closed","template":"","meta":{"footnotes":""},"class_list":["post-17","page","type-page","status-publish","hentry"],"yoast_head":"<!-- This site is optimized with the Yoast SEO plugin v23.9 - https:\/\/yoast.com\/wordpress\/plugins\/seo\/ -->\r\n<title>Despre proiect - Patrimoniul multietnic din Tulcea<\/title>\r\n<meta name=\"robots\" content=\"index, follow, max-snippet:-1, max-image-preview:large, max-video-preview:-1\" \/>\r\n<link rel=\"canonical\" href=\"http:\/\/tulceamultietnica.ro\/?page_id=17\" \/>\r\n<meta property=\"og:locale\" content=\"ro_RO\" \/>\r\n<meta property=\"og:type\" content=\"article\" \/>\r\n<meta property=\"og:title\" content=\"Despre proiect - Patrimoniul multietnic din Tulcea\" \/>\r\n<meta property=\"og:description\" content=\"Demersul este integrat programului Patrimoniul multietnic, care a debutat \u00een anul 2019 cu proiectul Patrimoniul multietnic din Constan\u021ba, urmat de Patrimoniul multietnic din Gala\u021bi \u00een 2022. Proiectul a implicat o extindere a cercet\u0103rii dincolo de municipiul Tulcea, incluz\u00e2nd ora\u0219ele Sulina, Babadag, M\u0103cin, Isaccea \u0219i satele Atmagea, Malcoci, Cerna. Activitatea a [&hellip;]\" \/>\r\n<meta property=\"og:url\" content=\"http:\/\/tulceamultietnica.ro\/?page_id=17\" \/>\r\n<meta property=\"og:site_name\" content=\"Patrimoniul multietnic din Tulcea\" \/>\r\n<meta property=\"article:publisher\" content=\"https:\/\/www.facebook.com\/profile.php?id=100064652323934\" \/>\r\n<meta property=\"article:modified_time\" content=\"2024-02-20T14:07:30+00:00\" \/>\r\n<meta name=\"twitter:card\" content=\"summary_large_image\" \/>\r\n<meta name=\"twitter:label1\" content=\"Timp estimat pentru citire\" \/>\n\t<meta name=\"twitter:data1\" content=\"1 minut\" \/>\r\n<script type=\"application\/ld+json\" class=\"yoast-schema-graph\">{\"@context\":\"https:\/\/schema.org\",\"@graph\":[{\"@type\":\"WebPage\",\"@id\":\"http:\/\/tulceamultietnica.ro\/?page_id=17\",\"url\":\"http:\/\/tulceamultietnica.ro\/?page_id=17\",\"name\":\"Despre proiect - Patrimoniul multietnic din Tulcea\",\"isPartOf\":{\"@id\":\"http:\/\/tulceamultietnica.ro\/#website\"},\"datePublished\":\"2023-12-18T10:20:17+00:00\",\"dateModified\":\"2024-02-20T14:07:30+00:00\",\"breadcrumb\":{\"@id\":\"http:\/\/tulceamultietnica.ro\/?page_id=17#breadcrumb\"},\"inLanguage\":\"ro-RO\",\"potentialAction\":[{\"@type\":\"ReadAction\",\"target\":[\"http:\/\/tulceamultietnica.ro\/?page_id=17\"]}]},{\"@type\":\"BreadcrumbList\",\"@id\":\"http:\/\/tulceamultietnica.ro\/?page_id=17#breadcrumb\",\"itemListElement\":[{\"@type\":\"ListItem\",\"position\":1,\"name\":\"Prima pagin\u0103\",\"item\":\"http:\/\/tulceamultietnica.ro\/\"},{\"@type\":\"ListItem\",\"position\":2,\"name\":\"Despre proiect\"}]},{\"@type\":\"WebSite\",\"@id\":\"http:\/\/tulceamultietnica.ro\/#website\",\"url\":\"http:\/\/tulceamultietnica.ro\/\",\"name\":\"Patrimoniul multietnic din Tulcea\",\"description\":\"\",\"publisher\":{\"@id\":\"http:\/\/tulceamultietnica.ro\/#organization\"},\"potentialAction\":[{\"@type\":\"SearchAction\",\"target\":{\"@type\":\"EntryPoint\",\"urlTemplate\":\"http:\/\/tulceamultietnica.ro\/?s={search_term_string}\"},\"query-input\":{\"@type\":\"PropertyValueSpecification\",\"valueRequired\":true,\"valueName\":\"search_term_string\"}}],\"inLanguage\":\"ro-RO\"},{\"@type\":\"Organization\",\"@id\":\"http:\/\/tulceamultietnica.ro\/#organization\",\"name\":\"Institutul Na\u021bional al Patrimoniului\",\"url\":\"http:\/\/tulceamultietnica.ro\/\",\"logo\":{\"@type\":\"ImageObject\",\"inLanguage\":\"ro-RO\",\"@id\":\"http:\/\/tulceamultietnica.ro\/#\/schema\/logo\/image\/\",\"url\":\"http:\/\/tulceamultietnica.ro\/wp-content\/uploads\/2023\/12\/logo_patrimoniu-1.png\",\"contentUrl\":\"http:\/\/tulceamultietnica.ro\/wp-content\/uploads\/2023\/12\/logo_patrimoniu-1.png\",\"width\":150,\"height\":150,\"caption\":\"Institutul Na\u021bional al Patrimoniului\"},\"image\":{\"@id\":\"http:\/\/tulceamultietnica.ro\/#\/schema\/logo\/image\/\"},\"sameAs\":[\"https:\/\/www.facebook.com\/profile.php?id=100064652323934\"]}]}<\/script>\r\n<!-- \/ Yoast SEO plugin. -->","yoast_head_json":{"title":"Despre proiect - Patrimoniul multietnic din Tulcea","robots":{"index":"index","follow":"follow","max-snippet":"max-snippet:-1","max-image-preview":"max-image-preview:large","max-video-preview":"max-video-preview:-1"},"canonical":"http:\/\/tulceamultietnica.ro\/?page_id=17","og_locale":"ro_RO","og_type":"article","og_title":"Despre proiect - Patrimoniul multietnic din Tulcea","og_description":"Demersul este integrat programului Patrimoniul multietnic, care a debutat \u00een anul 2019 cu proiectul Patrimoniul multietnic din Constan\u021ba, urmat de Patrimoniul multietnic din Gala\u021bi \u00een 2022. Proiectul a implicat o extindere a cercet\u0103rii dincolo de municipiul Tulcea, incluz\u00e2nd ora\u0219ele Sulina, Babadag, M\u0103cin, Isaccea \u0219i satele Atmagea, Malcoci, Cerna. Activitatea a [&hellip;]","og_url":"http:\/\/tulceamultietnica.ro\/?page_id=17","og_site_name":"Patrimoniul multietnic din Tulcea","article_publisher":"https:\/\/www.facebook.com\/profile.php?id=100064652323934","article_modified_time":"2024-02-20T14:07:30+00:00","twitter_card":"summary_large_image","twitter_misc":{"Timp estimat pentru citire":"1 minut"},"schema":{"@context":"https:\/\/schema.org","@graph":[{"@type":"WebPage","@id":"http:\/\/tulceamultietnica.ro\/?page_id=17","url":"http:\/\/tulceamultietnica.ro\/?page_id=17","name":"Despre proiect - Patrimoniul multietnic din Tulcea","isPartOf":{"@id":"http:\/\/tulceamultietnica.ro\/#website"},"datePublished":"2023-12-18T10:20:17+00:00","dateModified":"2024-02-20T14:07:30+00:00","breadcrumb":{"@id":"http:\/\/tulceamultietnica.ro\/?page_id=17#breadcrumb"},"inLanguage":"ro-RO","potentialAction":[{"@type":"ReadAction","target":["http:\/\/tulceamultietnica.ro\/?page_id=17"]}]},{"@type":"BreadcrumbList","@id":"http:\/\/tulceamultietnica.ro\/?page_id=17#breadcrumb","itemListElement":[{"@type":"ListItem","position":1,"name":"Prima pagin\u0103","item":"http:\/\/tulceamultietnica.ro\/"},{"@type":"ListItem","position":2,"name":"Despre proiect"}]},{"@type":"WebSite","@id":"http:\/\/tulceamultietnica.ro\/#website","url":"http:\/\/tulceamultietnica.ro\/","name":"Patrimoniul multietnic din Tulcea","description":"","publisher":{"@id":"http:\/\/tulceamultietnica.ro\/#organization"},"potentialAction":[{"@type":"SearchAction","target":{"@type":"EntryPoint","urlTemplate":"http:\/\/tulceamultietnica.ro\/?s={search_term_string}"},"query-input":{"@type":"PropertyValueSpecification","valueRequired":true,"valueName":"search_term_string"}}],"inLanguage":"ro-RO"},{"@type":"Organization","@id":"http:\/\/tulceamultietnica.ro\/#organization","name":"Institutul Na\u021bional al Patrimoniului","url":"http:\/\/tulceamultietnica.ro\/","logo":{"@type":"ImageObject","inLanguage":"ro-RO","@id":"http:\/\/tulceamultietnica.ro\/#\/schema\/logo\/image\/","url":"http:\/\/tulceamultietnica.ro\/wp-content\/uploads\/2023\/12\/logo_patrimoniu-1.png","contentUrl":"http:\/\/tulceamultietnica.ro\/wp-content\/uploads\/2023\/12\/logo_patrimoniu-1.png","width":150,"height":150,"caption":"Institutul Na\u021bional al Patrimoniului"},"image":{"@id":"http:\/\/tulceamultietnica.ro\/#\/schema\/logo\/image\/"},"sameAs":["https:\/\/www.facebook.com\/profile.php?id=100064652323934"]}]}},"_links":{"self":[{"href":"http:\/\/tulceamultietnica.ro\/index.php?rest_route=\/wp\/v2\/pages\/17","targetHints":{"allow":["GET"]}}],"collection":[{"href":"http:\/\/tulceamultietnica.ro\/index.php?rest_route=\/wp\/v2\/pages"}],"about":[{"href":"http:\/\/tulceamultietnica.ro\/index.php?rest_route=\/wp\/v2\/types\/page"}],"author":[{"embeddable":true,"href":"http:\/\/tulceamultietnica.ro\/index.php?rest_route=\/wp\/v2\/users\/1"}],"replies":[{"embeddable":true,"href":"http:\/\/tulceamultietnica.ro\/index.php?rest_route=%2Fwp%2Fv2%2Fcomments&post=17"}],"version-history":[{"count":2,"href":"http:\/\/tulceamultietnica.ro\/index.php?rest_route=\/wp\/v2\/pages\/17\/revisions"}],"predecessor-version":[{"id":316,"href":"http:\/\/tulceamultietnica.ro\/index.php?rest_route=\/wp\/v2\/pages\/17\/revisions\/316"}],"wp:attachment":[{"href":"http:\/\/tulceamultietnica.ro\/index.php?rest_route=%2Fwp%2Fv2%2Fmedia&parent=17"}],"curies":[{"name":"wp","href":"https:\/\/api.w.org\/{rel}","templated":true}]}}