{"id":19,"date":"2023-12-18T10:21:17","date_gmt":"2023-12-18T10:21:17","guid":{"rendered":"http:\/\/tulceamultietnica.ro\/?page_id=19"},"modified":"2023-12-18T10:21:17","modified_gmt":"2023-12-18T10:21:17","slug":"echipa-proiectului","status":"publish","type":"page","link":"http:\/\/tulceamultietnica.ro\/?page_id=19","title":{"rendered":"Echipa proiectului"},"content":{"rendered":"\n<div style=\"height:50px\" aria-hidden=\"true\" class=\"wp-block-spacer\"><\/div>\n\n\n\n<p><\/p>\n\n\n\n<p>Institutul de Cercet\u0103ri Eco-Muzeale \u201eGavril\u0103 Simion\u201d Tulcea (ICEM Tulcea) \u0219i Biroul Jude\u021bean al Arhivelor Na\u021bionale Tulcea (BJAN Tulcea)<\/p>\n\n\n\n<h4 class=\"wp-block-heading\">Institutul Na\u021bional al Patrimoniului<\/h4>\n\n\n\n<p>Dr. Daniela Mihai<\/p>\n\n\n\n<p>Dr. Adriana Speteanu-Vasiliu<\/p>\n\n\n\n<p>Dr. Florentina Udrea<\/p>\n\n\n\n<p>Andreea Dumitru<\/p>\n\n\n\n<h4 class=\"wp-block-heading\">ICEM Tulcea<\/h4>\n\n\n\n<p>Dr. M\u0103d\u0103lina Ciocoiu<\/p>\n\n\n\n<p>Dr. Aurel St\u0103nic\u0103<\/p>\n\n\n\n<p>Dr. Iuliana Titov<\/p>\n\n\n\n<h4 class=\"wp-block-heading\">Biblioteca Jude\u021bean\u0103 \u201ePanait Cerna\u201d Tulcea<\/h4>\n\n\n\n<p>\u0218tefania Blendea<\/p>\n\n\n\n<p><strong>Concept grafic: <\/strong>Raluca Orza<\/p>\n\n\n\n<p><strong>Hart\u0103 digital\u0103: <\/strong>dr. Cezar-Iulian Buterez<\/p>\n\n\n\n<p>La redactarea textelor au contribuit: \u0218tefania Blendea (comunit\u0103\u021bile evreiasc\u0103, bulgar\u0103, turc\u0103), M\u0103d\u0103lina Ciocoiu (comunit\u0103\u021bile greac\u0103, italian\u0103, CED), Aurel St\u0103nic\u0103 (comunit\u0103\u021bile turc\u0103, german\u0103, greac\u0103, armean\u0103), Iuliana Titov (comunit\u0103\u021bile bulgar\u0103, lipovean\u0103).<\/p>\n","protected":false},"excerpt":{"rendered":"<p>Institutul de Cercet\u0103ri Eco-Muzeale \u201eGavril\u0103 Simion\u201d Tulcea (ICEM Tulcea) \u0219i Biroul Jude\u021bean al Arhivelor Na\u021bionale Tulcea (BJAN Tulcea) Institutul Na\u021bional al Patrimoniului Dr. Daniela Mihai Dr. Adriana Speteanu-Vasiliu Dr. Florentina Udrea Andreea Dumitru ICEM Tulcea Dr. M\u0103d\u0103lina Ciocoiu Dr. Aurel St\u0103nic\u0103 Dr. Iuliana Titov Biblioteca Jude\u021bean\u0103 \u201ePanait Cerna\u201d Tulcea \u0218tefania [&hellip;]<\/p>\n","protected":false},"author":1,"featured_media":0,"parent":0,"menu_order":0,"comment_status":"closed","ping_status":"closed","template":"","meta":{"footnotes":""},"class_list":["post-19","page","type-page","status-publish","hentry"],"yoast_head":"<!-- This site is optimized with the Yoast SEO plugin v23.9 - https:\/\/yoast.com\/wordpress\/plugins\/seo\/ -->\r\n<title>Echipa proiectului - Patrimoniul multietnic din Tulcea<\/title>\r\n<meta name=\"robots\" content=\"index, follow, max-snippet:-1, max-image-preview:large, max-video-preview:-1\" \/>\r\n<link rel=\"canonical\" href=\"https:\/\/tulceamultietnica.ro\/?page_id=19\" \/>\r\n<meta property=\"og:locale\" content=\"ro_RO\" \/>\r\n<meta property=\"og:type\" content=\"article\" \/>\r\n<meta property=\"og:title\" content=\"Echipa proiectului - Patrimoniul multietnic din Tulcea\" \/>\r\n<meta property=\"og:description\" content=\"Institutul de Cercet\u0103ri Eco-Muzeale \u201eGavril\u0103 Simion\u201d Tulcea (ICEM Tulcea) \u0219i Biroul Jude\u021bean al Arhivelor Na\u021bionale Tulcea (BJAN Tulcea) Institutul Na\u021bional al Patrimoniului Dr. Daniela Mihai Dr. Adriana Speteanu-Vasiliu Dr. Florentina Udrea Andreea Dumitru ICEM Tulcea Dr. M\u0103d\u0103lina Ciocoiu Dr. Aurel St\u0103nic\u0103 Dr. Iuliana Titov Biblioteca Jude\u021bean\u0103 \u201ePanait Cerna\u201d Tulcea \u0218tefania [&hellip;]\" \/>\r\n<meta property=\"og:url\" content=\"https:\/\/tulceamultietnica.ro\/?page_id=19\" \/>\r\n<meta property=\"og:site_name\" content=\"Patrimoniul multietnic din Tulcea\" \/>\r\n<meta property=\"article:publisher\" content=\"https:\/\/www.facebook.com\/profile.php?id=100064652323934\" \/>\r\n<meta name=\"twitter:card\" content=\"summary_large_image\" \/>\r\n<meta name=\"twitter:label1\" content=\"Timp estimat pentru citire\" \/>\n\t<meta name=\"twitter:data1\" content=\"1 minut\" \/>\r\n<script type=\"application\/ld+json\" class=\"yoast-schema-graph\">{\"@context\":\"https:\/\/schema.org\",\"@graph\":[{\"@type\":\"WebPage\",\"@id\":\"https:\/\/tulceamultietnica.ro\/?page_id=19\",\"url\":\"https:\/\/tulceamultietnica.ro\/?page_id=19\",\"name\":\"Echipa proiectului - Patrimoniul multietnic din Tulcea\",\"isPartOf\":{\"@id\":\"http:\/\/tulceamultietnica.ro\/#website\"},\"datePublished\":\"2023-12-18T10:21:17+00:00\",\"dateModified\":\"2023-12-18T10:21:17+00:00\",\"breadcrumb\":{\"@id\":\"https:\/\/tulceamultietnica.ro\/?page_id=19#breadcrumb\"},\"inLanguage\":\"ro-RO\",\"potentialAction\":[{\"@type\":\"ReadAction\",\"target\":[\"https:\/\/tulceamultietnica.ro\/?page_id=19\"]}]},{\"@type\":\"BreadcrumbList\",\"@id\":\"https:\/\/tulceamultietnica.ro\/?page_id=19#breadcrumb\",\"itemListElement\":[{\"@type\":\"ListItem\",\"position\":1,\"name\":\"Prima pagin\u0103\",\"item\":\"http:\/\/tulceamultietnica.ro\/\"},{\"@type\":\"ListItem\",\"position\":2,\"name\":\"Echipa proiectului\"}]},{\"@type\":\"WebSite\",\"@id\":\"http:\/\/tulceamultietnica.ro\/#website\",\"url\":\"http:\/\/tulceamultietnica.ro\/\",\"name\":\"Patrimoniul multietnic din Tulcea\",\"description\":\"\",\"publisher\":{\"@id\":\"http:\/\/tulceamultietnica.ro\/#organization\"},\"potentialAction\":[{\"@type\":\"SearchAction\",\"target\":{\"@type\":\"EntryPoint\",\"urlTemplate\":\"http:\/\/tulceamultietnica.ro\/?s={search_term_string}\"},\"query-input\":{\"@type\":\"PropertyValueSpecification\",\"valueRequired\":true,\"valueName\":\"search_term_string\"}}],\"inLanguage\":\"ro-RO\"},{\"@type\":\"Organization\",\"@id\":\"http:\/\/tulceamultietnica.ro\/#organization\",\"name\":\"Institutul Na\u021bional al Patrimoniului\",\"url\":\"http:\/\/tulceamultietnica.ro\/\",\"logo\":{\"@type\":\"ImageObject\",\"inLanguage\":\"ro-RO\",\"@id\":\"http:\/\/tulceamultietnica.ro\/#\/schema\/logo\/image\/\",\"url\":\"http:\/\/tulceamultietnica.ro\/wp-content\/uploads\/2023\/12\/logo_patrimoniu-1.png\",\"contentUrl\":\"http:\/\/tulceamultietnica.ro\/wp-content\/uploads\/2023\/12\/logo_patrimoniu-1.png\",\"width\":150,\"height\":150,\"caption\":\"Institutul Na\u021bional al Patrimoniului\"},\"image\":{\"@id\":\"http:\/\/tulceamultietnica.ro\/#\/schema\/logo\/image\/\"},\"sameAs\":[\"https:\/\/www.facebook.com\/profile.php?id=100064652323934\"]}]}<\/script>\r\n<!-- \/ Yoast SEO plugin. -->","yoast_head_json":{"title":"Echipa proiectului - Patrimoniul multietnic din Tulcea","robots":{"index":"index","follow":"follow","max-snippet":"max-snippet:-1","max-image-preview":"max-image-preview:large","max-video-preview":"max-video-preview:-1"},"canonical":"https:\/\/tulceamultietnica.ro\/?page_id=19","og_locale":"ro_RO","og_type":"article","og_title":"Echipa proiectului - Patrimoniul multietnic din Tulcea","og_description":"Institutul de Cercet\u0103ri Eco-Muzeale \u201eGavril\u0103 Simion\u201d Tulcea (ICEM Tulcea) \u0219i Biroul Jude\u021bean al Arhivelor Na\u021bionale Tulcea (BJAN Tulcea) Institutul Na\u021bional al Patrimoniului Dr. Daniela Mihai Dr. Adriana Speteanu-Vasiliu Dr. Florentina Udrea Andreea Dumitru ICEM Tulcea Dr. M\u0103d\u0103lina Ciocoiu Dr. Aurel St\u0103nic\u0103 Dr. Iuliana Titov Biblioteca Jude\u021bean\u0103 \u201ePanait Cerna\u201d Tulcea \u0218tefania [&hellip;]","og_url":"https:\/\/tulceamultietnica.ro\/?page_id=19","og_site_name":"Patrimoniul multietnic din Tulcea","article_publisher":"https:\/\/www.facebook.com\/profile.php?id=100064652323934","twitter_card":"summary_large_image","twitter_misc":{"Timp estimat pentru citire":"1 minut"},"schema":{"@context":"https:\/\/schema.org","@graph":[{"@type":"WebPage","@id":"https:\/\/tulceamultietnica.ro\/?page_id=19","url":"https:\/\/tulceamultietnica.ro\/?page_id=19","name":"Echipa proiectului - Patrimoniul multietnic din Tulcea","isPartOf":{"@id":"http:\/\/tulceamultietnica.ro\/#website"},"datePublished":"2023-12-18T10:21:17+00:00","dateModified":"2023-12-18T10:21:17+00:00","breadcrumb":{"@id":"https:\/\/tulceamultietnica.ro\/?page_id=19#breadcrumb"},"inLanguage":"ro-RO","potentialAction":[{"@type":"ReadAction","target":["https:\/\/tulceamultietnica.ro\/?page_id=19"]}]},{"@type":"BreadcrumbList","@id":"https:\/\/tulceamultietnica.ro\/?page_id=19#breadcrumb","itemListElement":[{"@type":"ListItem","position":1,"name":"Prima pagin\u0103","item":"http:\/\/tulceamultietnica.ro\/"},{"@type":"ListItem","position":2,"name":"Echipa proiectului"}]},{"@type":"WebSite","@id":"http:\/\/tulceamultietnica.ro\/#website","url":"http:\/\/tulceamultietnica.ro\/","name":"Patrimoniul multietnic din Tulcea","description":"","publisher":{"@id":"http:\/\/tulceamultietnica.ro\/#organization"},"potentialAction":[{"@type":"SearchAction","target":{"@type":"EntryPoint","urlTemplate":"http:\/\/tulceamultietnica.ro\/?s={search_term_string}"},"query-input":{"@type":"PropertyValueSpecification","valueRequired":true,"valueName":"search_term_string"}}],"inLanguage":"ro-RO"},{"@type":"Organization","@id":"http:\/\/tulceamultietnica.ro\/#organization","name":"Institutul Na\u021bional al Patrimoniului","url":"http:\/\/tulceamultietnica.ro\/","logo":{"@type":"ImageObject","inLanguage":"ro-RO","@id":"http:\/\/tulceamultietnica.ro\/#\/schema\/logo\/image\/","url":"http:\/\/tulceamultietnica.ro\/wp-content\/uploads\/2023\/12\/logo_patrimoniu-1.png","contentUrl":"http:\/\/tulceamultietnica.ro\/wp-content\/uploads\/2023\/12\/logo_patrimoniu-1.png","width":150,"height":150,"caption":"Institutul Na\u021bional al Patrimoniului"},"image":{"@id":"http:\/\/tulceamultietnica.ro\/#\/schema\/logo\/image\/"},"sameAs":["https:\/\/www.facebook.com\/profile.php?id=100064652323934"]}]}},"_links":{"self":[{"href":"http:\/\/tulceamultietnica.ro\/index.php?rest_route=\/wp\/v2\/pages\/19","targetHints":{"allow":["GET"]}}],"collection":[{"href":"http:\/\/tulceamultietnica.ro\/index.php?rest_route=\/wp\/v2\/pages"}],"about":[{"href":"http:\/\/tulceamultietnica.ro\/index.php?rest_route=\/wp\/v2\/types\/page"}],"author":[{"embeddable":true,"href":"http:\/\/tulceamultietnica.ro\/index.php?rest_route=\/wp\/v2\/users\/1"}],"replies":[{"embeddable":true,"href":"http:\/\/tulceamultietnica.ro\/index.php?rest_route=%2Fwp%2Fv2%2Fcomments&post=19"}],"version-history":[{"count":1,"href":"http:\/\/tulceamultietnica.ro\/index.php?rest_route=\/wp\/v2\/pages\/19\/revisions"}],"predecessor-version":[{"id":20,"href":"http:\/\/tulceamultietnica.ro\/index.php?rest_route=\/wp\/v2\/pages\/19\/revisions\/20"}],"wp:attachment":[{"href":"http:\/\/tulceamultietnica.ro\/index.php?rest_route=%2Fwp%2Fv2%2Fmedia&parent=19"}],"curies":[{"name":"wp","href":"https:\/\/api.w.org\/{rel}","templated":true}]}}